{"id":909,"date":"2025-09-16T06:04:29","date_gmt":"2025-09-16T06:04:29","guid":{"rendered":"https:\/\/yhteishakuinfo.fi\/info\/?page_id=909"},"modified":"2025-09-16T06:04:30","modified_gmt":"2025-09-16T06:04:30","slug":"hl16","status":"publish","type":"page","link":"https:\/\/yhteishakuinfo.fi\/info\/hl16\/","title":{"rendered":"HL16"},"content":{"rendered":"\n<p><\/p>\n\n\n\n<div class=\"wp-block-group is-vertical is-content-justification-center is-layout-flex wp-container-core-group-is-layout-ce155fab wp-block-group-is-layout-flex\">\n<h1 class=\"wp-block-heading\" style=\"border-radius:11px\">Helsingin yliopiston Viikin normaalikoulu<\/h1>\n\n\n\n<p class=\"has-dark-shade-color has-transparent-background-color has-text-color has-background has-link-color wp-elements-ec5cc9fbf7d6b5321eedfc70c017ccda\"><strong>Osoite:<\/strong> Kev\u00e4tkatu 2, 00790 Helsinki<\/p>\n\n\n\n<p class=\"has-dark-shade-color has-transparent-background-color has-text-color has-background has-link-color wp-elements-c30d699cc9af7bcdb11943b00b1f3021\">Helsingin yliopiston Viikin normaalikoulu, yksil\u00f6iden yhteis\u00f6, on laadukasta opetusta tarjoava pieni ja perinteik\u00e4s lukio, jossa voi rakentaa hyv\u00e4n pohjan jatko-opinnoille. Kest\u00e4v\u00e4n kehityksen koulussamme jokainen saa olla oma itsens\u00e4. Moderni ja toimiva koulurakennuksemme sijaitsee luonnon keskell\u00e4 hyvien kulkuyhteyksien varrella. Yliopiston opetusharjoittelijat tuovat kouluarkeen vaihtelua ja opetukseen uusia n\u00e4k\u00f6kulmia. Instagram: @viikin_normaalikoulu | Facebook: Helsingin yliopisto Viikin normaalikoulu |X: @viikinnorssi<\/p>\n\n\n\n<p class=\"has-dark-shade-color has-transparent-background-color has-text-color has-background has-link-color wp-elements-f103593d9705a463614a8bf3a05a3c1d\"><strong>Avoimet ovet: <\/strong> <br>ti 9.12. klo 14<br>ti 13.1. klo 14 <br>ti 13.1. klo 18 (hakijoille ja huoltajille) <br>ke 4.2. klo 14 <br><\/p>\n\n\n\n<ul class=\"wp-block-list\">\n<li class=\"has-transparent-background-color has-background\"><strong>Keskiarvo 25:<\/strong>\n<ul class=\"wp-block-list\">\n<li class=\"has-transparent-background-color has-background\">8,58 |<\/li>\n<\/ul>\n<\/li>\n\n\n\n<li class=\"has-transparent-background-color has-background\"><strong>Keskiarvo 24:<\/strong>\n<ul class=\"wp-block-list\">\n<li class=\"has-transparent-background-color has-background\">8,5<\/li>\n<\/ul>\n<\/li>\n\n\n\n<li class=\"has-transparent-background-color has-background\"><strong>Keskiarvo 23: <\/strong>\n<ul class=\"wp-block-list\">\n<li class=\"has-transparent-background-color has-background\" style=\"font-style:normal;font-weight:700\">9.08<\/li>\n<\/ul>\n<\/li>\n<\/ul>\n\n\n\n<p><\/p>\n\n\n\n<ul class=\"wp-block-list\">\n<li><strong>Kielitarjonta:<\/strong><\/li>\n<\/ul>\n\n\n\n<div class=\"wp-block-group is-layout-constrained wp-block-group-is-layout-constrained\">\n<ul class=\"wp-block-list\">\n<li class=\"has-transparent-background-color has-background\">A-kielet: eng, ra, ru, sa<\/li>\n\n\n\n<li>B2: esp, ra, sa<\/li>\n\n\n\n<li class=\"has-transparent-background-color has-background\">B3: esp, ra, sa | <\/li>\n\n\n\n<li class=\"has-transparent-background-color has-background\">kansainv\u00e4liset kielitutkinnot saksassa (DSD) ja ranskassa (DELF)<\/li>\n<\/ul>\n<\/div>\n\n\n\n<p class=\"has-transparent-background-color has-background\">Lukiodiplomit: kotitalouden, kuvataiteen, k\u00e4sity\u00f6n, liikunnan, musiikin ja tanssin lukiodiplomi<\/p>\n\n\n\n<p class=\"has-transparent-background-color has-background\">Nettisivut: <a href=\"https:\/\/www.helsinki.fi\/fi\/harjoittelukoulut\/viikin-normaalikoulu\" target=\"_blank\" rel=\"noreferrer noopener\">https:\/\/www.helsinki.fi\/fi\/harjoittelukoulut\/viikin-normaalikoulu<\/a><\/p>\n\n\n\n<p class=\"has-transparent-background-color has-background has-medium-font-size\"><strong>Lukio kartalla:<\/strong>&nbsp;<a href=\"https:\/\/yhteishakuinfo.fi\/info\/lh-2\/[Karttalinkki%20URL]\">N\u00e4yt\u00e4 kartalla<\/a><\/p>\n<\/div>\n","protected":false},"excerpt":{"rendered":"<p>Helsingin yliopiston Viikin normaalikoulu Osoite: Kev\u00e4tkatu 2, 00790 Helsinki Helsingin yliopiston Viikin normaalikoulu, yksil\u00f6iden yhteis\u00f6, on laadukasta opetusta tarjoava pieni ja perinteik\u00e4s lukio, jossa voi rakentaa hyv\u00e4n pohjan jatko-opinnoille. Kest\u00e4v\u00e4n kehityksen koulussamme jokainen saa olla oma itsens\u00e4. Moderni ja toimiva koulurakennuksemme sijaitsee luonnon keskell\u00e4 hyvien kulkuyhteyksien varrella. Yliopiston opetusharjoittelijat tuovat kouluarkeen vaihtelua ja opetukseen uusia&#8230;<\/p>\n","protected":false},"author":1,"featured_media":0,"parent":0,"menu_order":1,"comment_status":"closed","ping_status":"closed","template":"blank","meta":{"footnotes":""},"class_list":["post-909","page","type-page","status-publish","hentry"],"_links":{"self":[{"href":"https:\/\/yhteishakuinfo.fi\/info\/wp-json\/wp\/v2\/pages\/909","targetHints":{"allow":["GET"]}}],"collection":[{"href":"https:\/\/yhteishakuinfo.fi\/info\/wp-json\/wp\/v2\/pages"}],"about":[{"href":"https:\/\/yhteishakuinfo.fi\/info\/wp-json\/wp\/v2\/types\/page"}],"author":[{"embeddable":true,"href":"https:\/\/yhteishakuinfo.fi\/info\/wp-json\/wp\/v2\/users\/1"}],"replies":[{"embeddable":true,"href":"https:\/\/yhteishakuinfo.fi\/info\/wp-json\/wp\/v2\/comments?post=909"}],"version-history":[{"count":2,"href":"https:\/\/yhteishakuinfo.fi\/info\/wp-json\/wp\/v2\/pages\/909\/revisions"}],"predecessor-version":[{"id":911,"href":"https:\/\/yhteishakuinfo.fi\/info\/wp-json\/wp\/v2\/pages\/909\/revisions\/911"}],"wp:attachment":[{"href":"https:\/\/yhteishakuinfo.fi\/info\/wp-json\/wp\/v2\/media?parent=909"}],"curies":[{"name":"wp","href":"https:\/\/api.w.org\/{rel}","templated":true}]}}