{"id":822,"date":"2025-09-13T21:46:26","date_gmt":"2025-09-13T21:46:26","guid":{"rendered":"https:\/\/yhteishakuinfo.fi\/info\/?page_id=822"},"modified":"2025-09-15T18:37:01","modified_gmt":"2025-09-15T18:37:01","slug":"hl8","status":"publish","type":"page","link":"https:\/\/yhteishakuinfo.fi\/info\/hl8\/","title":{"rendered":"HL8"},"content":{"rendered":"\n<p><\/p>\n\n\n\n<div class=\"wp-block-group is-vertical is-content-justification-center is-layout-flex wp-container-core-group-is-layout-ce155fab wp-block-group-is-layout-flex\">\n<h1 class=\"wp-block-heading\" style=\"border-radius:11px\">Helsingin luonnontiedelukio<\/h1>\n\n\n\n<p class=\"has-dark-shade-color has-transparent-background-color has-text-color has-background has-link-color wp-elements-9681194bd6c31d5bc36dbcef8f716117\"><strong>Osoite:<\/strong>&nbsp;Pietari Kalmin katu 7, 00560 Helsinki<\/p>\n\n\n\n<p class=\"has-dark-shade-color has-transparent-background-color has-text-color has-background has-link-color wp-elements-743dad8481ce6e4f5ae3c147362154b7\"><strong>Yleisesittely:<\/strong> Helsingin luonnontiedelukio eli Hellu on erityisteht\u00e4v\u00e4lukio, jonka luonnontiedelinjalla painottuvat biologia, fysiikka, kemia ja maantiede. Meill\u00e4 on my\u00f6s yleislinja, jolla on mahdollista valita laajasta kurssitarjottimesta eri opintojaksoja. Hellussa on yleislinja ja luonnontiedelinja. Koulussamme on noin 1000 opiskelijaa, joista syksyst\u00e4 2024 l\u00e4htien puolet opiskelee luonnontiedelinjalla. Lukio siirtyi uusiin tiloihin Kumpulan yliopistokampukselle elokuussa 2023.<\/p>\n\n\n\n<p class=\"has-dark-shade-color has-transparent-background-color has-text-color has-background has-link-color wp-elements-f737f596582b81498e7d24031c17dffe\">Valintaperusteet: Painotettu lukuaineiden keskiarvo. Painotettuja oppiaineita ovat matematiikka (painokerroin 3), fysiikka, kemia, maantieto ja biologia (painokerroin 2) ja \u00e4idinkieli\/S2 (painokerroin 2).<\/p>\n\n\n\n<p class=\"has-text-align-left has-dark-shade-color has-transparent-background-color has-text-color has-background has-link-color wp-elements-5edbf17550a272f71c21d6748107912b\"><strong>Avoimet ovet: <\/strong> <br> Ma 12.1.2026 klo 14.00 &#8211; 15.00 <br>Ti 20.1.2026 klo 14.00 &#8211; 15.00 <br>Ti 20.1.2026 klo 18.00 &#8211; 19.00 <br>Ti 24.2.2026 klo 14.00 &#8211; 15.00 <br>Ti 24.2.2026 klo 18.00 &#8211; 19.00 <br>Huoltajille Ti 20.1. ja ti 24.2. klo 18<\/p>\n\n\n\n<ul class=\"wp-block-list\">\n<li class=\"has-transparent-background-color has-background\"><strong>Keskiarvo 25: yleislinja 8,77 | luonnontiedelinja (ER): 9,25<\/strong><\/li>\n\n\n\n<li class=\"has-transparent-background-color has-background\"><strong>Keskiarvo 24:<strong> yleislinja 8,50 | luonnontiedelinja (ER): 9,03<\/strong><\/strong><\/li>\n\n\n\n<li class=\"has-transparent-background-color has-background\"><strong>Keskiarvo 23: <strong><strong><strong><strong> 8,58 | luonnontiedelinja (ER): 9,03<\/strong><\/strong><\/strong><\/strong><\/strong><\/li>\n<\/ul>\n\n\n\n<p class=\"has-text-align-left has-transparent-background-color has-background\"><strong>Kielitarjonta:<\/strong><\/p>\n\n\n\n<div class=\"wp-block-group is-layout-constrained wp-block-group-is-layout-constrained\">\n<ul class=\"wp-block-list\">\n<li class=\"has-transparent-background-color has-background\">A-kielet: ru, eng, sa, ra ja ven\u00e4j\u00e4 sek\u00e4 yhteisty\u00f6ss\u00e4 kaupungin lukioiden kanssa esp ja kiina<\/li>\n\n\n\n<li class=\"has-transparent-background-color has-background\">B3\/B2-kielet: esp, sa, ra, ven\u00e4j\u00e4 ja latina sek\u00e4 et\u00e4n\u00e4 italia, japani ja kiina<\/li>\n<\/ul>\n<\/div>\n\n\n\n<p class=\"has-transparent-background-color has-background\">Lukiodiplomit: kuvataiteen, k\u00e4sity\u00f6n ja median lukiodiplomi<\/p>\n\n\n\n<p class=\"has-transparent-background-color has-background\">Nettisivut: <a href=\"https:\/\/www.hel.fi\/fi\/kasvatus-ja-koulutus\/helsingin-luonnontiedelukio\/\" target=\"_blank\" rel=\"noreferrer noopener\">https:\/\/www.hel.fi\/fi\/kasvatus-ja-koulutus\/helsingin-luonnontiedelukio\/<\/a><\/p>\n\n\n\n<p class=\"has-transparent-background-color has-background has-medium-font-size\"><strong>Lukio kartalla:<\/strong>&nbsp;<a href=\"https:\/\/yhteishakuinfo.fi\/info\/lh-2\/[Karttalinkki%20URL]\">N\u00e4yt\u00e4 kartalla<\/a><\/p>\n<\/div>\n","protected":false},"excerpt":{"rendered":"<p>Helsingin luonnontiedelukio Osoite:&nbsp;Pietari Kalmin katu 7, 00560 Helsinki Yleisesittely: Helsingin luonnontiedelukio eli Hellu on erityisteht\u00e4v\u00e4lukio, jonka luonnontiedelinjalla painottuvat biologia, fysiikka, kemia ja maantiede. Meill\u00e4 on my\u00f6s yleislinja, jolla on mahdollista valita laajasta kurssitarjottimesta eri opintojaksoja. Hellussa on yleislinja ja luonnontiedelinja. Koulussamme on noin 1000 opiskelijaa, joista syksyst\u00e4 2024 l\u00e4htien puolet opiskelee luonnontiedelinjalla. Lukio siirtyi uusiin&#8230;<\/p>\n","protected":false},"author":1,"featured_media":0,"parent":0,"menu_order":1,"comment_status":"closed","ping_status":"closed","template":"blank","meta":{"footnotes":""},"class_list":["post-822","page","type-page","status-publish","hentry"],"_links":{"self":[{"href":"https:\/\/yhteishakuinfo.fi\/info\/wp-json\/wp\/v2\/pages\/822","targetHints":{"allow":["GET"]}}],"collection":[{"href":"https:\/\/yhteishakuinfo.fi\/info\/wp-json\/wp\/v2\/pages"}],"about":[{"href":"https:\/\/yhteishakuinfo.fi\/info\/wp-json\/wp\/v2\/types\/page"}],"author":[{"embeddable":true,"href":"https:\/\/yhteishakuinfo.fi\/info\/wp-json\/wp\/v2\/users\/1"}],"replies":[{"embeddable":true,"href":"https:\/\/yhteishakuinfo.fi\/info\/wp-json\/wp\/v2\/comments?post=822"}],"version-history":[{"count":3,"href":"https:\/\/yhteishakuinfo.fi\/info\/wp-json\/wp\/v2\/pages\/822\/revisions"}],"predecessor-version":[{"id":866,"href":"https:\/\/yhteishakuinfo.fi\/info\/wp-json\/wp\/v2\/pages\/822\/revisions\/866"}],"wp:attachment":[{"href":"https:\/\/yhteishakuinfo.fi\/info\/wp-json\/wp\/v2\/media?parent=822"}],"curies":[{"name":"wp","href":"https:\/\/api.w.org\/{rel}","templated":true}]}}