{"id":816,"date":"2025-09-13T17:57:44","date_gmt":"2025-09-13T17:57:44","guid":{"rendered":"https:\/\/yhteishakuinfo.fi\/info\/?page_id=816"},"modified":"2025-09-15T18:29:56","modified_gmt":"2025-09-15T18:29:56","slug":"hl5","status":"publish","type":"page","link":"https:\/\/yhteishakuinfo.fi\/info\/hl5\/","title":{"rendered":"HL5"},"content":{"rendered":"\n<p><\/p>\n\n\n\n<div class=\"wp-block-group is-vertical is-content-justification-center is-layout-flex wp-container-core-group-is-layout-ce155fab wp-block-group-is-layout-flex\">\n<h1 class=\"wp-block-heading\" style=\"border-radius:11px\">Etu-T\u00f6\u00f6l\u00f6n lukio<\/h1>\n\n\n\n<p class=\"has-dark-shade-color has-transparent-background-color has-text-color has-background has-link-color wp-elements-b11d3bf65542ec6c9f1c4d72c8c287c8\"><strong>Osoite:<\/strong>&nbsp;Arkadiankatu 26, 00100 Helsinki<\/p>\n\n\n\n<p class=\"has-dark-shade-color has-transparent-background-color has-text-color has-background has-link-color wp-elements-75ab10ec1a0b08686c199fdf6a3fa895\"><strong>Yleisesittely:<\/strong> Etu-T\u00f6\u00f6l\u00f6n lukio &#8211; Tyly &#8211; on yritt\u00e4jyyspainotteinen yleislukio Helsingin ytimess\u00e4. Meill\u00e4 yhteis\u00f6llisyys ja v\u00e4litt\u00e4minen luovat puitteet oppimiselle ja hyvinvoinnille. Meille yhteis\u00f6llisyys ja hyvinvointi on t\u00e4rke\u00e4\u00e4. Koulumme ilmapiiri on v\u00e4lit\u00f6n ja kannustava. Tylyss\u00e4 jokainen saa olla sellainen kuin on. <\/p>\n\n\n\n<p class=\"has-dark-shade-color has-transparent-background-color has-text-color has-background has-link-color wp-elements-808dd1a14836d6be6753d5b945e987ac\">Opiskelijoitamme on noin 800. Lukuvuosi jakautuu meill\u00e4 nelj\u00e4\u00e4n periodiin. Oppitunnit ovat 90 minuutin mittaisia ja opiskelu alkaa p\u00e4ivitt\u00e4in klo 9.00, pl. tiistaisin, jolloin opiskelu alkaa klo 8.30. Oppitunnit p\u00e4\u00e4ttyv\u00e4t viimeist\u00e4\u00e4n klo 16.15.<\/p>\n\n\n\n<p class=\"has-dark-shade-color has-transparent-background-color has-text-color has-background has-link-color wp-elements-c5908dd24c9617592e3d1f98321bebdf\"><strong>Avoimet ovet: <\/strong> <br>ti 16.12.2025 klo 14-15 <br>to 15.1.2026 klo 15-16 <br>ma 26.1.2026 klo 16-17 (vain ET\u00c4) <br>ti 10.2.2026 klo 15-16 to 26.2. klo 17-18 (infotilaisuus) <br>Huoltajille to 26.2. klo 17-18 tai et\u00e4 ma 26.1.<\/p>\n\n\n\n<ul class=\"wp-block-list\">\n<li class=\"has-transparent-background-color has-background\"><strong>Keskiarvo 25: 8,58<\/strong><\/li>\n\n\n\n<li class=\"has-transparent-background-color has-background\"><strong>Keskiarvo 24: <strong>8,5<\/strong><\/strong><\/li>\n\n\n\n<li class=\"has-transparent-background-color has-background\"><strong>Keskiarvo 23: <strong><strong>8,42<\/strong><\/strong><\/strong><\/li>\n<\/ul>\n\n\n\n<p class=\"has-text-align-left has-transparent-background-color has-background\"><strong>Kielitarjonta:<\/strong><\/p>\n\n\n\n<div class=\"wp-block-group is-layout-constrained wp-block-group-is-layout-constrained\">\n<ul class=\"wp-block-list\">\n<li class=\"has-transparent-background-color has-background\">A-kielet: eng, ru, sa, ra<\/li>\n\n\n\n<li>B2: esp, ra, sa<\/li>\n\n\n\n<li class=\"has-transparent-background-color has-background\">B3: ra, sa, esp<\/li>\n<\/ul>\n<\/div>\n\n\n\n<p class=\"has-transparent-background-color has-background\">Lukiodiplomit: kuvataiteen, liikunnan ja musiikin lukiodiplomi<\/p>\n\n\n\n<p class=\"has-transparent-background-color has-background\">Nettisivut: <a href=\"https:\/\/www.hel.fi\/fi\/kasvatus-ja-koulutus\/etu-toolon-lukio\" target=\"_blank\" rel=\"noreferrer noopener\">https:\/\/www.hel.fi\/fi\/kasvatus-ja-koulutus\/<\/a><a href=\"https:\/\/www.hel.fi\/fi\/kasvatus-ja-koulutus\/etu-toolon-lukio\">etu-toolon-lukio<\/a><\/p>\n\n\n\n<p class=\"has-transparent-background-color has-background has-medium-font-size\"><strong>Lukio kartalla:<\/strong>&nbsp;<a href=\"https:\/\/yhteishakuinfo.fi\/info\/lh-2\/[Karttalinkki%20URL]\">N\u00e4yt\u00e4 kartalla<\/a><\/p>\n<\/div>\n","protected":false},"excerpt":{"rendered":"<p>Etu-T\u00f6\u00f6l\u00f6n lukio Osoite:&nbsp;Arkadiankatu 26, 00100 Helsinki Yleisesittely: Etu-T\u00f6\u00f6l\u00f6n lukio &#8211; Tyly &#8211; on yritt\u00e4jyyspainotteinen yleislukio Helsingin ytimess\u00e4. Meill\u00e4 yhteis\u00f6llisyys ja v\u00e4litt\u00e4minen luovat puitteet oppimiselle ja hyvinvoinnille. Meille yhteis\u00f6llisyys ja hyvinvointi on t\u00e4rke\u00e4\u00e4. Koulumme ilmapiiri on v\u00e4lit\u00f6n ja kannustava. Tylyss\u00e4 jokainen saa olla sellainen kuin on. Opiskelijoitamme on noin 800. Lukuvuosi jakautuu meill\u00e4 nelj\u00e4\u00e4n periodiin. Oppitunnit&#8230;<\/p>\n","protected":false},"author":1,"featured_media":0,"parent":0,"menu_order":1,"comment_status":"closed","ping_status":"closed","template":"blank","meta":{"footnotes":""},"class_list":["post-816","page","type-page","status-publish","hentry"],"_links":{"self":[{"href":"https:\/\/yhteishakuinfo.fi\/info\/wp-json\/wp\/v2\/pages\/816","targetHints":{"allow":["GET"]}}],"collection":[{"href":"https:\/\/yhteishakuinfo.fi\/info\/wp-json\/wp\/v2\/pages"}],"about":[{"href":"https:\/\/yhteishakuinfo.fi\/info\/wp-json\/wp\/v2\/types\/page"}],"author":[{"embeddable":true,"href":"https:\/\/yhteishakuinfo.fi\/info\/wp-json\/wp\/v2\/users\/1"}],"replies":[{"embeddable":true,"href":"https:\/\/yhteishakuinfo.fi\/info\/wp-json\/wp\/v2\/comments?post=816"}],"version-history":[{"count":4,"href":"https:\/\/yhteishakuinfo.fi\/info\/wp-json\/wp\/v2\/pages\/816\/revisions"}],"predecessor-version":[{"id":862,"href":"https:\/\/yhteishakuinfo.fi\/info\/wp-json\/wp\/v2\/pages\/816\/revisions\/862"}],"wp:attachment":[{"href":"https:\/\/yhteishakuinfo.fi\/info\/wp-json\/wp\/v2\/media?parent=816"}],"curies":[{"name":"wp","href":"https:\/\/api.w.org\/{rel}","templated":true}]}}