{"id":346,"date":"2024-12-20T14:33:32","date_gmt":"2024-12-20T14:33:32","guid":{"rendered":"https:\/\/yhteishakuinfo.fi\/info\/?page_id=346"},"modified":"2025-01-14T18:46:25","modified_gmt":"2025-01-14T18:46:25","slug":"tietoa-yhteishausta","status":"publish","type":"page","link":"https:\/\/yhteishakuinfo.fi\/info\/tietoa-yhteishausta\/","title":{"rendered":"Tietoa yhteishausta"},"content":{"rendered":"\n<p><\/p>\n\n\n\n<div class=\"wp-block-columns is-layout-flex wp-container-core-columns-is-layout-28f84493 wp-block-columns-is-layout-flex\">\n<div class=\"wp-block-column is-layout-flow wp-block-column-is-layout-flow\"><\/div>\n\n\n\n<div class=\"wp-block-column is-layout-flow wp-block-column-is-layout-flow\"><\/div>\n\n\n\n<div class=\"wp-block-column is-layout-flow wp-block-column-is-layout-flow\"><\/div>\n<\/div>\n\n\n\n<p class=\"has-normal-font-size\"><\/p>\n\n\n\n<div class=\"wp-block-columns is-layout-flex wp-container-core-columns-is-layout-28f84493 wp-block-columns-is-layout-flex\">\n<div class=\"wp-block-column is-layout-flow wp-block-column-is-layout-flow\">\n<p class=\"has-dark-color-color has-text-color has-link-color has-big-font-size wp-elements-c62007c62e728fbe92c379602ed51501\"><strong>Opojen vinkit yhteishakuun<\/strong><\/p>\n\n\n\n<p><\/p>\n\n\n\n<ol class=\"wp-block-list\">\n<li class=\"has-medium-font-size\"><strong>K\u00e4y mahdollisimman monissa avoimissa ovissa<br><\/strong>Sielt\u00e4 n\u00e4kee mink\u00e4lainen koulu ja sen ilmapiiri on ja tapaa opettajia, rehtorin sek\u00e4 muita oppilaita. Vierailu my\u00f6s auttaa sinua sopeutumaan ja kotiutumaan tulevaan kouluusi, jotta ensimm\u00e4inen koulup\u00e4iv\u00e4 ei tunnu niin pelottavalta. Avoimet ovet helpottavat my\u00f6s valintaa, sill\u00e4 n\u00e4et, sopiiko koulu todella sinulle.<\/li>\n\n\n\n<li class=\"has-medium-font-size\"><strong>Kysy neuvoa<\/strong><br>Opojen ty\u00f6 on auttaa oppilaita, joten neuvot ovat aina hyvin harkittuja. Kaverit, sukulaiset, sisaret ja vanhemmat ovat my\u00f6s hyvi\u00e4 auttamaan valinnoissa ja antamaan vinkkej\u00e4 sek\u00e4 uusia n\u00e4k\u00f6kulmia.<\/li>\n\n\n\n<li class=\"has-medium-font-size\"><strong>Hae juuri niihin kouluihin, joihin oikeasti haluat<\/strong><br>Varsinkin p\u00e4\u00e4kaupunkiseudulla on todella paljon eri tavalla painotettuja opintoja. Siit\u00e4 kannattaa ottaa hy\u00f6ty irti.<\/li>\n\n\n\n<li class=\"has-medium-font-size\"><strong>Mieti koulumatkan pituutta<\/strong><br>Jos matka kest\u00e4\u00e4 joka p\u00e4iv\u00e4 yli tunnin, kannattaa harkita, onko koulu todella sen arvoinen. Tarjoaisiko l\u00e4hemp\u00e4n\u00e4 oleva koulu yht\u00e4 hyv\u00e4t opinnot? Mit\u00e4 kaikkea voisit tehd\u00e4 sill\u00e4 ajalla, jota ei tarvitse k\u00e4ytt\u00e4\u00e4 pitkiin koulumatkoihin?<\/li>\n\n\n\n<li class=\"has-medium-font-size\"><strong>Selvit\u00e4 ennakkoteht\u00e4v\u00e4t<\/strong><br>Selvit\u00e4 hyviss\u00e4 ajoin, onko hakemaasi oppilaitokseen jotain ennakkoteht\u00e4vi\u00e4 tai p\u00e4\u00e4sykokeita. Ota selv\u00e4\u00e4, mihin menness\u00e4 ne pit\u00e4\u00e4 palauttaa tai milloin ne ovat.<br>Jos haet harkintaan perustuvassa valinnassa, tarkista opon kanssa oppilaitoksen ohjeet hakemuksen liitteist\u00e4 ja niiden toimittamisesta.<\/li>\n\n\n\n<li class=\"has-medium-font-size\"><strong>Tarkista, ett\u00e4 valitsemasi hakukohde on oikein<\/strong><br>Esimerkiksi hius- ja kauneudenhoitoalan perustutkinnon hakukohteessa saattaa olla vain toinen osaamisaloista. Tarkista koulutuksen nimi, oppilaitos ja paikkakunta.<\/li>\n\n\n\n<li class=\"has-medium-font-size\"><strong>Yhteishausta ei kannata stressata<\/strong><br>Arvosanoja ehtii hyvin nostaa yhdeks\u00e4nnell\u00e4 luokalla, koska ne l\u00e4hetet\u00e4\u00e4n Opetushallitukseen vasta viimeisen kouluviikon alkupuolella, joten \u00e4l\u00e4 luovuta! Opot ja muut opettajat my\u00f6s auttavat sinua parhaansa mukaan, jotta p\u00e4\u00e4set haluamaasi kouluun.<\/li>\n\n\n\n<li class=\"has-medium-font-size\"><strong>Vanhemmat: kuunnelkaa nuorta<\/strong>! <br>Huoltajien kuuluu olla kiinnostuneita nuoresta, mietti\u00e4 nuoren parasta ja kuunnella nuoren ajatuksia ja mielipiteit\u00e4. Lopettakaa hetkeksi se, mit\u00e4 teette, ja oikeasti kuunnelkaa nuorta &#8211; se ei kest\u00e4 kauan. Nuoret tarvitsevat turvaa ja tukea, erilaisia n\u00e4k\u00f6kulmia, vinkkej\u00e4 sek\u00e4 aitoa hyv\u00e4ksynt\u00e4\u00e4 ja vahvistusta omaan p\u00e4\u00e4t\u00f6kseen. Antakaa heille se.<\/li>\n\n\n\n<li class=\"has-medium-font-size\"><strong>Nuori p\u00e4\u00e4tt\u00e4\u00e4<\/strong><br>Muista, ett\u00e4 p\u00e4\u00e4t\u00f6s on sinun, ei kavereidesi, vanhempiesi tai opon. Huoltaja ei saa p\u00e4\u00e4tt\u00e4\u00e4 nuoren puolesta tai painostaa valinnassa. Aikuisen pit\u00e4\u00e4 kunnioittaa nuoren p\u00e4\u00e4t\u00f6ksi\u00e4 ja antaa h\u00e4nen tehd\u00e4 ne itse.<\/li>\n\n\n\n<li class=\"has-medium-font-size\"><strong>Vaihtoehtoja on<\/strong><br>Ei ole maailmanloppu, vaikka et p\u00e4\u00e4sisik\u00e4\u00e4n lukioon tai ammattikouluun. Muitakin vaihtoehtoja on.                                           Jos et viel\u00e4 tied\u00e4 mit\u00e4 haluat, hae TUVA-koulutukseen eli tutkintokoulutukseen valmentavaan koulutukseen.<br>BONUS: Mik\u00e4 susta tulee seuraavaksi?<br>Nyt ei tarvitse mietti\u00e4 sit\u00e4, mit\u00e4 teet 10 tai 20 vuoden p\u00e4\u00e4st\u00e4. Nyt tarvitsee vain p\u00e4\u00e4tt\u00e4\u00e4, mit\u00e4 teet seuraavaksi. Yhteishaku on monelle nuorelle el\u00e4m\u00e4ns\u00e4 ensimm\u00e4inen iso p\u00e4\u00e4t\u00f6s, mutta ei takuulla viimeinen! Aina voi muuttaa mielt\u00e4\u00e4n ja vaihtaa suuntaa, eli t\u00e4m\u00e4 p\u00e4\u00e4t\u00f6s ei tule m\u00e4\u00e4ritt\u00e4m\u00e4\u00e4n loppuel\u00e4m\u00e4\u00e4si.<\/li>\n<\/ol>\n<\/div>\n\n\n\n<div class=\"wp-block-column is-layout-flow wp-block-column-is-layout-flow\">\n<p class=\"has-text-align-center has-dark-color-color has-text-color has-link-color has-big-font-size wp-elements-15037421a1558023d955b6a5b80587f7\"><strong>Oppilaan muistilista yhteishakuun<\/strong><\/p>\n\n\n\n<p class=\"has-big-font-size\"><strong>Ennen yhteishakua<\/strong><\/p>\n\n\n\n<ul class=\"wp-block-list\">\n<li class=\"has-medium-font-size\">Tutustu koulutustarjontaan ja valintaperusteisiin.\n<ul class=\"wp-block-list\">\n<li>Tietoa l\u00f6yd\u00e4t esim. YouTubesta, oppilaitosten omilta www-sivuilta, t\u00e4lt\u00e4 sivustolta, TikTokista, opolta jne.<\/li>\n\n\n\n<li>Voit laskea omat yhteishakupisteesi <a href=\"https:\/\/www.yhteishakulaskuri.fi\/\">yhteishakulaskurilla<\/a>.<\/li>\n<\/ul>\n<\/li>\n\n\n\n<li class=\"has-medium-font-size\">Keskustele toiveistasi ja haaveistasi&nbsp; esim. yst\u00e4vien, huoltajien, aineenopettajien tai opon kanssa.<\/li>\n\n\n\n<li class=\"has-medium-font-size\">K\u00e4y mahdollisuuksien mukaan kiinnostavien oppilaitosten <a href=\"https:\/\/sites.google.com\/oppivantaa.fi\/peltolan-koulun-yhteishakusivu\/avoimet-ovet\">avoimissa ovissa, tutustumisp\u00e4iviss\u00e4 ja kurkkauksissa.<\/a><\/li>\n\n\n\n<li class=\"has-medium-font-size\">Pohdi valmiiksi hakemuksesi hakutoivej\u00e4rjestys.\n<ul class=\"wp-block-list\">\n<li>1. on se kohde, mihin haluaisit eniten p\u00e4\u00e4st\u00e4 opiskelemaan, 2. toisiksi eniten haluamasi, jne.<\/li>\n<\/ul>\n<\/li>\n\n\n\n<li class=\"has-medium-font-size\">Yhteishaun <a href=\"https:\/\/opintopolku.fi\/hakemus\/haku\/1.2.246.562.29.00000000000000056840?demo=true&amp;lang=fi\">demolomakkeella<\/a> voi harjoitella yhteishakua.\n<ul class=\"wp-block-list\">\n<li>Varmista, ett\u00e4 sinulla on toimiva henkil\u00f6kohtainen s\u00e4hk\u00f6postiosoite (Gmail, iCloud tms.) ja sinulla on t\u00e4h\u00e4n tiliisi salasana.<\/li>\n<\/ul>\n<\/li>\n\n\n\n<li class=\"has-medium-font-size\">K\u00e4y opon luona yksil\u00f6ohjauksessa.<\/li>\n\n\n\n<li class=\"has-medium-font-size\">Ota selv\u00e4\u00e4 hakukohteiden mahdollisista ennakkoteht\u00e4vist\u00e4 \/ yhteishaussa tarvittavista liitteist\u00e4.\n<ul class=\"wp-block-list\">\n<li>Muista pyyt\u00e4\u00e4 tarvittaessa apua teht\u00e4viin vaikkapa opolta tai aineenopettajalta.&nbsp;<\/li>\n\n\n\n<li>Ole ajoissa eli aloita teht\u00e4vien tekeminen ja liitteiden t\u00e4ytt\u00e4minen riitt\u00e4v\u00e4n ajoissa.<\/li>\n\n\n\n<li>Huolehdi&nbsp; teht\u00e4vien palautusaikatauluista.<\/li>\n<\/ul>\n<\/li>\n<\/ul>\n<\/div>\n\n\n\n<div class=\"wp-block-column is-layout-flow wp-block-column-is-layout-flow\">\n<p class=\"has-dark-color-color has-text-color has-link-color has-big-font-size wp-elements-6d1b880500a11f7296cdf857b6279a28\"><strong>Yhteishaku 18.2.-18.3.2025<\/strong><\/p>\n\n\n\n<ul class=\"wp-block-list\">\n<li class=\"has-medium-font-size\">Varsinainen yhteishaku tehd\u00e4\u00e4n koulussa opon kanssa. \u00c4l\u00e4 siis tee sit\u00e4 kotona!\n<ul class=\"wp-block-list\">\n<li>Kun yhteishaku on kerran tehty, voit muuttaa hakutoiveistasi aina 18.3.2025 saakka.<\/li>\n<\/ul>\n<\/li>\n\n\n\n<li class=\"has-medium-font-size\">Jos muutat yhteishaun aikana hakutoiveitasi, muistathan ilmoittaa siit\u00e4 opolle.<\/li>\n<\/ul>\n\n\n\n<p class=\"has-big-font-size\"><strong>Yhteishaun j\u00e4lkeen<\/strong><\/p>\n\n\n\n<ul class=\"wp-block-list\">\n<li class=\"has-medium-font-size\">Huolehdi mahdollisista p\u00e4\u00e4sykokeista ja haastatteluista.<\/li>\n\n\n\n<li class=\"has-medium-font-size\">Saat kutsun haastatteluun \/ p\u00e4\u00e4sykokeisiin tekstiviestill\u00e4 tai s\u00e4hk\u00f6postilla (mik\u00e4li ajankohtaa ei ole ilmoitettu etuk\u00e4teen).\n<ul class=\"wp-block-list\">\n<li>Seuraa siis s\u00e4hk\u00f6postiasi! \ud83d\ude42<\/li>\n\n\n\n<li>Ilmoita n\u00e4ist\u00e4 kutsuista ja p\u00e4\u00e4sykokeista \/ haastatteluista my\u00f6s opolle.<\/li>\n<\/ul>\n<\/li>\n\n\n\n<li class=\"has-medium-font-size\"><strong>Valintatulokset julkaistaan torstaina 12.6.2025.<\/strong>\n<ul class=\"wp-block-list\">\n<li>Ota opiskelupaikka vastaan mahdollisimman pian, viimeist\u00e4\u00e4n 26.6.2025!<\/li>\n<\/ul>\n<\/li>\n<\/ul>\n<\/div>\n<\/div>\n","protected":false},"excerpt":{"rendered":"<p>Opojen vinkit yhteishakuun Oppilaan muistilista yhteishakuun Ennen yhteishakua Yhteishaku 18.2.-18.3.2025 Yhteishaun j\u00e4lkeen<\/p>\n","protected":false},"author":1,"featured_media":0,"parent":0,"menu_order":1,"comment_status":"closed","ping_status":"closed","template":"fullwidth-page-template","meta":{"footnotes":""},"class_list":["post-346","page","type-page","status-publish","hentry"],"_links":{"self":[{"href":"https:\/\/yhteishakuinfo.fi\/info\/wp-json\/wp\/v2\/pages\/346","targetHints":{"allow":["GET"]}}],"collection":[{"href":"https:\/\/yhteishakuinfo.fi\/info\/wp-json\/wp\/v2\/pages"}],"about":[{"href":"https:\/\/yhteishakuinfo.fi\/info\/wp-json\/wp\/v2\/types\/page"}],"author":[{"embeddable":true,"href":"https:\/\/yhteishakuinfo.fi\/info\/wp-json\/wp\/v2\/users\/1"}],"replies":[{"embeddable":true,"href":"https:\/\/yhteishakuinfo.fi\/info\/wp-json\/wp\/v2\/comments?post=346"}],"version-history":[{"count":8,"href":"https:\/\/yhteishakuinfo.fi\/info\/wp-json\/wp\/v2\/pages\/346\/revisions"}],"predecessor-version":[{"id":574,"href":"https:\/\/yhteishakuinfo.fi\/info\/wp-json\/wp\/v2\/pages\/346\/revisions\/574"}],"wp:attachment":[{"href":"https:\/\/yhteishakuinfo.fi\/info\/wp-json\/wp\/v2\/media?parent=346"}],"curies":[{"name":"wp","href":"https:\/\/api.w.org\/{rel}","templated":true}]}}