{"id":136,"date":"2025-09-13T10:49:42","date_gmt":"2025-09-13T10:49:42","guid":{"rendered":"https:\/\/yhteishakuinfo.fi\/info\/?page_id=136"},"modified":"2025-09-28T18:49:17","modified_gmt":"2025-09-28T18:49:17","slug":"avoimet-ovet","status":"publish","type":"page","link":"https:\/\/yhteishakuinfo.fi\/info\/avoimet-ovet\/","title":{"rendered":"Avoimet ovet"},"content":{"rendered":"\n<p class=\"has-text-align-center has-dark-shade-color has-transparent-background-color has-text-color has-background has-link-color wp-elements-12471675c8d48000980936d755606652\" style=\"border-style:none;border-width:0px;border-radius:11px;font-size:clamp(17.905px, 1.119rem + ((1vw - 3.2px) * 0.616), 28px);letter-spacing:0px;line-height:1.2;text-transform:none\">Tutustumisk\u00e4ynneill\u00e4 p\u00e4\u00e4set n\u00e4kem\u00e4\u00e4n, millaista opiskelu on, tapaamaan opettajia ja opiskelijoita sek\u00e4 kysym\u00e4\u00e4n mielt\u00e4si askarruttavia kysymyksi\u00e4.                                       Tutustu avoimiin oviin seuraavien linkkien avulla:<\/p>\n\n\n\n<p class=\"has-text-align-center has-primary-color has-text-color has-link-color has-dm-serif-display-font-family wp-elements-37035ce7b73922c49b9604da2e8806cb\" style=\"border-radius:11px;font-size:clamp(21.536px, 1.346rem + ((1vw - 3.2px) * 0.821), 35px);\"><strong><a href=\"https:\/\/yhteishakuinfo.fi\/info\/helsingin-avoimet-ovet\/\" data-type=\"page\" data-id=\"160\">Helsingin avoimet ovet<\/a><\/strong><\/p>\n\n\n\n<p class=\"has-text-align-center has-primary-color has-text-color has-link-color has-dm-serif-display-font-family wp-elements-1963f83993660950024c8f41556d7c93\" style=\"font-size:clamp(21.536px, 1.346rem + ((1vw - 3.2px) * 0.821), 35px);\"><a href=\"https:\/\/yhteishakuinfo.fi\/info\/?page_id=161\" data-type=\"page\" data-id=\"161\"><strong>Espoon avoimet ovet<\/strong><\/a> <\/p>\n\n\n\n<p class=\"has-text-align-center has-primary-color has-text-color has-link-color has-dm-serif-display-font-family wp-elements-f2133c1229848e6bcfbeafb1015179e2\" style=\"font-size:clamp(21.536px, 1.346rem + ((1vw - 3.2px) * 0.821), 35px);\"><a href=\"https:\/\/yhteishakuinfo.fi\/info\/vantaan-avoimet-ovet\/\" data-type=\"page\" data-id=\"138\"><strong>Vantaan avoimet ovet<\/strong><\/a><\/p>\n\n\n\n<p class=\"has-text-align-right\">Hy\u00f6dynn\u00e4 tutustumisk\u00e4ynnit ja l\u00f6yd\u00e4 oma polkusi tulevaisuuden opintoihin!<\/p>\n","protected":false},"excerpt":{"rendered":"<p>Tutustumisk\u00e4ynneill\u00e4 p\u00e4\u00e4set n\u00e4kem\u00e4\u00e4n, millaista opiskelu on, tapaamaan opettajia ja opiskelijoita sek\u00e4 kysym\u00e4\u00e4n mielt\u00e4si askarruttavia kysymyksi\u00e4. Tutustu avoimiin oviin seuraavien linkkien avulla: Helsingin avoimet ovet Espoon avoimet ovet Vantaan avoimet ovet Hy\u00f6dynn\u00e4 tutustumisk\u00e4ynnit ja l\u00f6yd\u00e4 oma polkusi tulevaisuuden opintoihin!<\/p>\n","protected":false},"author":1,"featured_media":0,"parent":0,"menu_order":1,"comment_status":"closed","ping_status":"closed","template":"avoimet","meta":{"footnotes":""},"class_list":["post-136","page","type-page","status-publish","hentry"],"_links":{"self":[{"href":"https:\/\/yhteishakuinfo.fi\/info\/wp-json\/wp\/v2\/pages\/136","targetHints":{"allow":["GET"]}}],"collection":[{"href":"https:\/\/yhteishakuinfo.fi\/info\/wp-json\/wp\/v2\/pages"}],"about":[{"href":"https:\/\/yhteishakuinfo.fi\/info\/wp-json\/wp\/v2\/types\/page"}],"author":[{"embeddable":true,"href":"https:\/\/yhteishakuinfo.fi\/info\/wp-json\/wp\/v2\/users\/1"}],"replies":[{"embeddable":true,"href":"https:\/\/yhteishakuinfo.fi\/info\/wp-json\/wp\/v2\/comments?post=136"}],"version-history":[{"count":31,"href":"https:\/\/yhteishakuinfo.fi\/info\/wp-json\/wp\/v2\/pages\/136\/revisions"}],"predecessor-version":[{"id":969,"href":"https:\/\/yhteishakuinfo.fi\/info\/wp-json\/wp\/v2\/pages\/136\/revisions\/969"}],"wp:attachment":[{"href":"https:\/\/yhteishakuinfo.fi\/info\/wp-json\/wp\/v2\/media?parent=136"}],"curies":[{"name":"wp","href":"https:\/\/api.w.org\/{rel}","templated":true}]}}