{"id":117,"date":"2024-11-22T10:00:15","date_gmt":"2024-11-22T10:00:15","guid":{"rendered":"https:\/\/yhteishakuinfo.fi\/info\/?page_id=117"},"modified":"2026-01-16T16:43:39","modified_gmt":"2026-01-16T16:43:39","slug":"paakaupunkiseudun-lukioiden-keskiarvot","status":"publish","type":"page","link":"https:\/\/yhteishakuinfo.fi\/info\/paakaupunkiseudun-lukioiden-keskiarvot\/","title":{"rendered":"P\u00e4\u00e4kaupunkiseudun lukioiden keskiarvot"},"content":{"rendered":"\n<p><\/p>\n\n\n\n<p class=\"has-text-align-center has-medium-font-size\">Uudenmaan lukioiden keskiarvokartasta l\u00f6yd\u00e4t vuosien 2026-2024 keskiarvot, osoitteet, jonka lis\u00e4ksi l\u00f6yd\u00e4t tietosivuilta avoimien ovien ajankohdat 2026, kielitarjonnan, lukiodiplomit sek\u00e4 nettisivut:<\/p>\n\n\n\n<div class=\"wp-block-group is-vertical is-content-justification-center is-layout-flex wp-container-core-group-is-layout-ce155fab wp-block-group-is-layout-flex\">\n<pre class=\"wp-block-code\"><code><iframe loading=\"lazy\" src=\"https:\/\/www.google.com\/maps\/d\/embed?mid=1vXSBmQDU4N-qyK647FXT4fyxYg6N_Rw&amp;ehbc=2E312F\" width=\"1200\" height=\"700\"><\/iframe><\/code><\/pre>\n<\/div>\n\n\n\n<div class=\"wp-block-group is-nowrap is-layout-flex wp-container-core-group-is-layout-6c531013 wp-block-group-is-layout-flex\">\n<p class=\"has-text-align-center has-medium-font-size\">Vertaillessasi lukioiden keskiarvoja kannattaa ottaa ainakin viimeisen kolmen vuoden tiedot huomioon. Voit laskea lukuaineidesi keskiarvon tai pisteesi ammatilliseen koulutukseen <a href=\"http:\/\/yhteishakulaskuri.fi\/\">yhteishakulaskurin<\/a> avulla.<\/p>\n<\/div>\n\n\n\n<p class=\"has-medium-font-size\"><strong>P\u00e4\u00e4kaupunkiseudun lukioiden keskiarvot :<\/strong><\/p>\n\n\n\n<ul class=\"wp-block-list\">\n<li class=\"has-primary-color has-text-color has-link-color has-large-font-size wp-elements-65b8c13e3beaa95b2c2444a86da1c166\"><a href=\"https:\/\/yhteishakuinfo.fi\/info\/helsingin-lukiot\/\" data-type=\"page\" data-id=\"120\"><strong>Helsingin lukiot<\/strong><\/a><\/li>\n\n\n\n<li class=\"has-primary-color has-text-color has-link-color has-large-font-size wp-elements-b5be987a540cef3cf655d04556c14fa6\"><a href=\"https:\/\/yhteishakuinfo.fi\/info\/espoon-lukiot\/\" data-type=\"page\" data-id=\"124\"><strong>Espoon lukiot<\/strong><\/a><\/li>\n\n\n\n<li class=\"has-primary-color has-text-color has-link-color has-large-font-size wp-elements-b66dc35126df65e5e969d129a32b2ba3\"><a href=\"https:\/\/yhteishakuinfo.fi\/info\/vantaan-lukiot\/\" data-type=\"page\" data-id=\"122\"><strong>Vantaan lukiot<\/strong><\/a><\/li>\n<\/ul>\n\n\n\n<p><\/p>\n","protected":false},"excerpt":{"rendered":"<p>Uudenmaan lukioiden keskiarvokartasta l\u00f6yd\u00e4t vuosien 2026-2024 keskiarvot, osoitteet, jonka lis\u00e4ksi l\u00f6yd\u00e4t tietosivuilta avoimien ovien ajankohdat 2026, kielitarjonnan, lukiodiplomit sek\u00e4 nettisivut: Vertaillessasi lukioiden keskiarvoja kannattaa ottaa ainakin viimeisen kolmen vuoden tiedot huomioon. Voit laskea lukuaineidesi keskiarvon tai pisteesi ammatilliseen koulutukseen yhteishakulaskurin avulla. P\u00e4\u00e4kaupunkiseudun lukioiden keskiarvot :<\/p>\n","protected":false},"author":1,"featured_media":0,"parent":0,"menu_order":1,"comment_status":"closed","ping_status":"closed","template":"keskiarvot-helsinki","meta":{"footnotes":""},"class_list":["post-117","page","type-page","status-publish","hentry"],"_links":{"self":[{"href":"https:\/\/yhteishakuinfo.fi\/info\/wp-json\/wp\/v2\/pages\/117","targetHints":{"allow":["GET"]}}],"collection":[{"href":"https:\/\/yhteishakuinfo.fi\/info\/wp-json\/wp\/v2\/pages"}],"about":[{"href":"https:\/\/yhteishakuinfo.fi\/info\/wp-json\/wp\/v2\/types\/page"}],"author":[{"embeddable":true,"href":"https:\/\/yhteishakuinfo.fi\/info\/wp-json\/wp\/v2\/users\/1"}],"replies":[{"embeddable":true,"href":"https:\/\/yhteishakuinfo.fi\/info\/wp-json\/wp\/v2\/comments?post=117"}],"version-history":[{"count":28,"href":"https:\/\/yhteishakuinfo.fi\/info\/wp-json\/wp\/v2\/pages\/117\/revisions"}],"predecessor-version":[{"id":997,"href":"https:\/\/yhteishakuinfo.fi\/info\/wp-json\/wp\/v2\/pages\/117\/revisions\/997"}],"wp:attachment":[{"href":"https:\/\/yhteishakuinfo.fi\/info\/wp-json\/wp\/v2\/media?parent=117"}],"curies":[{"name":"wp","href":"https:\/\/api.w.org\/{rel}","templated":true}]}}